{"id":482,"date":"2025-02-20T02:59:21","date_gmt":"2025-02-20T02:59:21","guid":{"rendered":"https:\/\/lakshmi-bijoux.com\/?page_id=482"},"modified":"2025-03-09T02:52:28","modified_gmt":"2025-03-09T02:52:28","slug":"cuidados-productos","status":"publish","type":"page","link":"https:\/\/lakshmi-bijoux.com\/index.php\/cuidados-productos\/","title":{"rendered":"Ciudados de tus Productos"},"content":{"rendered":"\t\t<div data-elementor-type=\"wp-page\" data-elementor-id=\"482\" class=\"elementor elementor-482\" data-elementor-post-type=\"page\">\n\t\t\t\t<div class=\"elementor-element elementor-element-c8f1c50 e-flex e-con-boxed e-con e-parent\" data-id=\"c8f1c50\" data-element_type=\"container\">\n\t\t\t\t\t<div class=\"e-con-inner\">\n\t\t<div class=\"elementor-element elementor-element-27895ea e-con-full e-flex e-con e-child\" data-id=\"27895ea\" data-element_type=\"container\">\n\t\t\t\t<div class=\"elementor-element elementor-element-f75d040 elementor-widget elementor-widget-heading\" data-id=\"f75d040\" data-element_type=\"widget\" data-widget_type=\"heading.default\">\n\t\t\t\t<div class=\"elementor-widget-container\">\n\t\t\t\t\t<h2 class=\"elementor-heading-title elementor-size-default\">Instrucciones y Cuidado de los Productos<\/h2>\t\t\t\t<\/div>\n\t\t\t\t<\/div>\n\t\t\t\t<div class=\"elementor-element elementor-element-2c5ffc2 elementor-widget elementor-widget-text-editor\" data-id=\"2c5ffc2\" data-element_type=\"widget\" data-widget_type=\"text-editor.default\">\n\t\t\t\t<div class=\"elementor-widget-container\">\n\t\t\t\t\t\t\t\t\t<ul><li style=\"list-style-type: none;\"><ul><li>Evitar golpes y ca\u00eddas.<\/li><li>Mantener cada pieza en su empaque original.<\/li><li>Limpiar con un pa\u00f1o suave y seco.<\/li><li>Evitar el contacto con el agua.<\/li><li>Evita el contacto con perfumes, jabones, cremas, detergentes, alcohol, o cualquier otro producto qu\u00edmico y no sumergir en el mar o en piscina.<\/li><\/ul><\/li><\/ul>\t\t\t\t\t\t\t\t<\/div>\n\t\t\t\t<\/div>\n\t\t\t\t<\/div>\n\t\t<div class=\"elementor-element elementor-element-e72159f e-con-full e-flex e-con e-child\" data-id=\"e72159f\" data-element_type=\"container\">\n\t\t\t\t<div class=\"elementor-element elementor-element-55e9ac5 elementor-widget elementor-widget-image\" data-id=\"55e9ac5\" data-element_type=\"widget\" data-widget_type=\"image.default\">\n\t\t\t\t<div class=\"elementor-widget-container\">\n\t\t\t\t\t\t\t\t\t\t\t\t\t\t\t<img fetchpriority=\"high\" decoding=\"async\" width=\"1024\" height=\"683\" src=\"https:\/\/lakshmi-bijoux.com\/wp-content\/uploads\/2025\/02\/oros-1-1024x683.png\" class=\"attachment-large size-large wp-image-152\" alt=\"\" srcset=\"https:\/\/lakshmi-bijoux.com\/wp-content\/uploads\/2025\/02\/oros-1-1024x683.png 1024w, https:\/\/lakshmi-bijoux.com\/wp-content\/uploads\/2025\/02\/oros-1-300x200.png 300w, https:\/\/lakshmi-bijoux.com\/wp-content\/uploads\/2025\/02\/oros-1-768x512.png 768w, https:\/\/lakshmi-bijoux.com\/wp-content\/uploads\/2025\/02\/oros-1-1536x1025.png 1536w, https:\/\/lakshmi-bijoux.com\/wp-content\/uploads\/2025\/02\/oros-1-2048x1367.png 2048w, https:\/\/lakshmi-bijoux.com\/wp-content\/uploads\/2025\/02\/oros-1-600x400.png 600w\" sizes=\"(max-width: 1024px) 100vw, 1024px\" \/>\t\t\t\t\t\t\t\t\t\t\t\t\t\t\t<\/div>\n\t\t\t\t<\/div>\n\t\t\t\t<\/div>\n\t\t\t\t\t<\/div>\n\t\t\t\t<\/div>\n\t\t<div class=\"elementor-element elementor-element-c718ac0 e-flex e-con-boxed e-con e-parent\" data-id=\"c718ac0\" data-element_type=\"container\" data-settings=\"{&quot;background_background&quot;:&quot;classic&quot;}\">\n\t\t\t\t\t<div class=\"e-con-inner\">\n\t\t<div class=\"elementor-element elementor-element-ee4d415 e-con-full e-flex e-con e-child\" data-id=\"ee4d415\" data-element_type=\"container\">\n\t\t\t\t<div class=\"elementor-element elementor-element-0af468a elementor-widget elementor-widget-heading\" data-id=\"0af468a\" data-element_type=\"widget\" data-widget_type=\"heading.default\">\n\t\t\t\t<div class=\"elementor-widget-container\">\n\t\t\t\t\t<h2 class=\"elementor-heading-title elementor-size-default\">C\u00f3mo Arreglar un Producto<\/h2>\t\t\t\t<\/div>\n\t\t\t\t<\/div>\n\t\t\t\t<\/div>\n\t\t<div class=\"elementor-element elementor-element-0cc8ae2 e-con-full e-flex e-con e-child\" data-id=\"0cc8ae2\" data-element_type=\"container\">\n\t\t\t\t<div class=\"elementor-element elementor-element-b41b7f0 elementor-widget elementor-widget-text-editor\" data-id=\"b41b7f0\" data-element_type=\"widget\" data-widget_type=\"text-editor.default\">\n\t\t\t\t<div class=\"elementor-widget-container\">\n\t\t\t\t\t\t\t\t\t<p>LAKSHMI repara piezas compradas si se rompen o da\u00f1an. Los productos que no tengan garant\u00eda o que \u00e9sta ya se haya vencido pueden ser enviados a nuestras tiendas para ser reparados. La reparaci\u00f3n tendr\u00e1 lugar siempre y cuando las piezas necesarias est\u00e9n en existencia. Dependiendo de cada caso se cobrar\u00e1 por las reparaciones y \u00e9l envi\u00f3 de la pieza reparada. Para solicitar una reparaci\u00f3n por favor escribe a lakshmi-bijoux.com. Si tu<br \/>compra llega en mal estado por favor escr\u00edbenos describiendo el producto y adjuntando una foto del defecto. El tiempo de garant\u00eda por defectos de fabricaci\u00f3n es de 15 d\u00edas h\u00e1biles.<\/p>\t\t\t\t\t\t\t\t<\/div>\n\t\t\t\t<\/div>\n\t\t\t\t<\/div>\n\t\t\t\t\t<\/div>\n\t\t\t\t<\/div>\n\t\t\t\t<\/div>\n\t\t","protected":false},"excerpt":{"rendered":"<p>Instrucciones y Cuidado de los Productos Evitar golpes y ca\u00eddas. Mantener cada pieza en su empaque original. Limpiar con un [&hellip;]<\/p>\n","protected":false},"author":1,"featured_media":0,"parent":0,"menu_order":0,"comment_status":"closed","ping_status":"closed","template":"","meta":{"site-sidebar-layout":"default","site-content-layout":"","ast-site-content-layout":"default","site-content-style":"default","site-sidebar-style":"default","ast-global-header-display":"","ast-banner-title-visibility":"","ast-main-header-display":"","ast-hfb-above-header-display":"","ast-hfb-below-header-display":"","ast-hfb-mobile-header-display":"","site-post-title":"","ast-breadcrumbs-content":"","ast-featured-img":"","footer-sml-layout":"","theme-transparent-header-meta":"default","adv-header-id-meta":"","stick-header-meta":"","header-above-stick-meta":"","header-main-stick-meta":"","header-below-stick-meta":"","astra-migrate-meta-layouts":"set","ast-page-background-enabled":"default","ast-page-background-meta":{"desktop":{"background-color":"var(--ast-global-color-5)","background-image":"","background-repeat":"repeat","background-position":"center center","background-size":"auto","background-attachment":"scroll","background-type":"","background-media":"","overlay-type":"","overlay-color":"","overlay-opacity":"","overlay-gradient":""},"tablet":{"background-color":"","background-image":"","background-repeat":"repeat","background-position":"center center","background-size":"auto","background-attachment":"scroll","background-type":"","background-media":"","overlay-type":"","overlay-color":"","overlay-opacity":"","overlay-gradient":""},"mobile":{"background-color":"","background-image":"","background-repeat":"repeat","background-position":"center center","background-size":"auto","background-attachment":"scroll","background-type":"","background-media":"","overlay-type":"","overlay-color":"","overlay-opacity":"","overlay-gradient":""}},"ast-content-background-meta":{"desktop":{"background-color":"var(--ast-global-color-4)","background-image":"","background-repeat":"repeat","background-position":"center center","background-size":"auto","background-attachment":"scroll","background-type":"","background-media":"","overlay-type":"","overlay-color":"","overlay-opacity":"","overlay-gradient":""},"tablet":{"background-color":"var(--ast-global-color-4)","background-image":"","background-repeat":"repeat","background-position":"center center","background-size":"auto","background-attachment":"scroll","background-type":"","background-media":"","overlay-type":"","overlay-color":"","overlay-opacity":"","overlay-gradient":""},"mobile":{"background-color":"var(--ast-global-color-4)","background-image":"","background-repeat":"repeat","background-position":"center center","background-size":"auto","background-attachment":"scroll","background-type":"","background-media":"","overlay-type":"","overlay-color":"","overlay-opacity":"","overlay-gradient":""}},"_joinchat":[],"footnotes":""},"class_list":["post-482","page","type-page","status-publish","hentry"],"_links":{"self":[{"href":"https:\/\/lakshmi-bijoux.com\/index.php\/wp-json\/wp\/v2\/pages\/482","targetHints":{"allow":["GET"]}}],"collection":[{"href":"https:\/\/lakshmi-bijoux.com\/index.php\/wp-json\/wp\/v2\/pages"}],"about":[{"href":"https:\/\/lakshmi-bijoux.com\/index.php\/wp-json\/wp\/v2\/types\/page"}],"author":[{"embeddable":true,"href":"https:\/\/lakshmi-bijoux.com\/index.php\/wp-json\/wp\/v2\/users\/1"}],"replies":[{"embeddable":true,"href":"https:\/\/lakshmi-bijoux.com\/index.php\/wp-json\/wp\/v2\/comments?post=482"}],"version-history":[{"count":31,"href":"https:\/\/lakshmi-bijoux.com\/index.php\/wp-json\/wp\/v2\/pages\/482\/revisions"}],"predecessor-version":[{"id":792,"href":"https:\/\/lakshmi-bijoux.com\/index.php\/wp-json\/wp\/v2\/pages\/482\/revisions\/792"}],"wp:attachment":[{"href":"https:\/\/lakshmi-bijoux.com\/index.php\/wp-json\/wp\/v2\/media?parent=482"}],"curies":[{"name":"wp","href":"https:\/\/api.w.org\/{rel}","templated":true}]}}