{"id":10,"date":"2025-02-14T21:59:21","date_gmt":"2025-02-14T21:59:21","guid":{"rendered":"https:\/\/lakshmi-bijoux.com\/?page_id=10"},"modified":"2025-03-09T03:21:58","modified_gmt":"2025-03-09T03:21:58","slug":"reembolso_devoluciones","status":"publish","type":"page","link":"https:\/\/lakshmi-bijoux.com\/index.php\/reembolso_devoluciones\/","title":{"rendered":"T\u00c9RMINOS Y CONDICIONES"},"content":{"rendered":"\t\t<div data-elementor-type=\"wp-page\" data-elementor-id=\"10\" class=\"elementor elementor-10\" data-elementor-post-type=\"page\">\n\t\t\t\t<div class=\"elementor-element elementor-element-9cd38ea e-flex e-con-boxed e-con e-parent\" data-id=\"9cd38ea\" data-element_type=\"container\">\n\t\t\t\t\t<div class=\"e-con-inner\">\n\t\t<div class=\"elementor-element elementor-element-f8ed4a2 e-con-full e-flex e-con e-child\" data-id=\"f8ed4a2\" data-element_type=\"container\">\n\t\t\t\t<div class=\"elementor-element elementor-element-c899582 elementor-widget elementor-widget-heading\" data-id=\"c899582\" data-element_type=\"widget\" data-widget_type=\"heading.default\">\n\t\t\t\t<div class=\"elementor-widget-container\">\n\t\t\t\t\t<h2 class=\"elementor-heading-title elementor-size-default\">T\u00c9RMINOS Y CONDICIONES<\/h2>\t\t\t\t<\/div>\n\t\t\t\t<\/div>\n\t\t\t\t<\/div>\n\t\t<div class=\"elementor-element elementor-element-424919b e-con-full e-flex e-con e-child\" data-id=\"424919b\" data-element_type=\"container\">\n\t\t\t\t<div class=\"elementor-element elementor-element-4568a61 elementor-widget elementor-widget-heading\" data-id=\"4568a61\" data-element_type=\"widget\" data-widget_type=\"heading.default\">\n\t\t\t\t<div class=\"elementor-widget-container\">\n\t\t\t\t\t<h2 class=\"elementor-heading-title elementor-size-default\">1. Avisos Legales<\/h2>\t\t\t\t<\/div>\n\t\t\t\t<\/div>\n\t\t\t\t<div class=\"elementor-element elementor-element-408dad6 elementor-widget elementor-widget-text-editor\" data-id=\"408dad6\" data-element_type=\"widget\" data-widget_type=\"text-editor.default\">\n\t\t\t\t<div class=\"elementor-widget-container\">\n\t\t\t\t\t\t\t\t\t<p style=\"padding-left: 40px;\">Bienvenido a nuestro sitio Web. Esta p\u00e1gina establece los \u2018T\u00e9rminos y Condiciones\u2019 bajo los cuales usted puede usar lakshmi bijoux.com. Por favor lea esta p\u00e1gina con detenimiento. Mediante el uso de este Sitio Web usted est\u00e1 indicando su aceptaci\u00f3n a estos \u2018T\u00e9rminos y Condiciones\u2019. La compa\u00f1\u00eda puede modificar estos \u2018T\u00e9rminos y Condiciones\u2019 en cualquier momento. Usted deber\u00e1 visitar esta p\u00e1gina de manera peri\u00f3dica para revisar los \u2018T\u00e9rminos y Condiciones\u2019 debido a que los mismos son obligatorios para usted.<\/p><p style=\"padding-left: 40px;\">Si no est\u00e1 de acuerdo con alguna parte de estos t\u00e9rminos y condiciones, por favor no utilice nuestro sitio Web ni sus servicios.<\/p><p style=\"padding-left: 40px;\"><strong>LAKSHMI<\/strong> es la propietaria de los derechos sobre la p\u00e1gina Web, as\u00ed mismo es la editora y \u00fanica propietaria de esta p\u00e1gina Web, por esta raz\u00f3n puede modificar, en cualquier momento, y sin aviso previo, la presentaci\u00f3n y configuraci\u00f3n del sitio Web y de los contenidos y servicios de toda la p\u00e1gina Web. Todo usuario y visitante reconoce y acepta que en cualquier momento Lakshmi puede interrumpir, desactivar, cancelar, cambiar cualquiera de los contenidos de la p\u00e1gina Web.<\/p>\t\t\t\t\t\t\t\t<\/div>\n\t\t\t\t<\/div>\n\t\t\t\t<div class=\"elementor-element elementor-element-ac7c115 elementor-widget elementor-widget-text-editor\" data-id=\"ac7c115\" data-element_type=\"widget\" data-widget_type=\"text-editor.default\">\n\t\t\t\t<div class=\"elementor-widget-container\">\n\t\t\t\t\t\t\t\t\t<p style=\"padding-left: 40px;\">La adquisici\u00f3n, compra, venta u obtenci\u00f3n de cualquier art\u00edculo a trav\u00e9s de cualquiera de los servicios es bajo la \u00fanica y exclusiva responsabilidad de los Usuarios quienes, por ende, asumen cualquier riesgo involucrado en las transacciones descritas. Ocasionalmente, podr\u00e1 existir informaci\u00f3n en el Sitio Web que contenga errores tipogr\u00e1ficos, inexactitudes u omisiones que puedan relacionarse con las descripciones de producto, precios y disponibilidad.<\/p><p style=\"padding-left: 40px;\"><strong>LAKSHMI<\/strong> se reserva el derecho de corregir cualquier error, inexactitud u omisi\u00f3n y de cambiar o actualizar informaci\u00f3n en cualquier momento sin notificaci\u00f3n previa. El contenido de las p\u00e1ginas de este sitio Web es para su informaci\u00f3n y uso general. Est\u00e1 sujeto a cambios sin previo aviso.<\/p><p style=\"padding-left: 40px;\">El uso de todo o parte de la informaci\u00f3n de Lakshmi y en especial para su reproducci\u00f3n, descarga, transmisi\u00f3n o representaci\u00f3n para fines distintos al uso personal y privado queda terminantemente prohibido salvo de conformidad con la nota de copyright, que forma parte de estos t\u00e9rminos y condiciones.<\/p>\t\t\t\t\t\t\t\t<\/div>\n\t\t\t\t<\/div>\n\t\t\t\t<\/div>\n\t\t<div class=\"elementor-element elementor-element-e1c1103 e-con-full e-flex e-con e-child\" data-id=\"e1c1103\" data-element_type=\"container\">\n\t\t\t\t<div class=\"elementor-element elementor-element-a0c2b8b elementor-widget elementor-widget-heading\" data-id=\"a0c2b8b\" data-element_type=\"widget\" data-widget_type=\"heading.default\">\n\t\t\t\t<div class=\"elementor-widget-container\">\n\t\t\t\t\t<h2 class=\"elementor-heading-title elementor-size-default\">2. Propiedad Intelectual<\/h2>\t\t\t\t<\/div>\n\t\t\t\t<\/div>\n\t\t\t\t<div class=\"elementor-element elementor-element-dbc7a4a elementor-widget elementor-widget-text-editor\" data-id=\"dbc7a4a\" data-element_type=\"widget\" data-widget_type=\"text-editor.default\">\n\t\t\t\t<div class=\"elementor-widget-container\">\n\t\t\t\t\t\t\t\t\t<p style=\"padding-left: 40px;\">La reproducci\u00f3n divulgaci\u00f3n, distribuci\u00f3n o comunicaci\u00f3n p\u00fablica total o parcial de cualquier parte de esta herramienta sin la previa autorizaci\u00f3n por escrito por parte de Lakshmi est\u00e1 prohibida.<\/p>\t\t\t\t\t\t\t\t<\/div>\n\t\t\t\t<\/div>\n\t\t\t\t<\/div>\n\t\t<div class=\"elementor-element elementor-element-9cb047c e-con-full e-flex e-con e-child\" data-id=\"9cb047c\" data-element_type=\"container\">\n\t\t\t\t<div class=\"elementor-element elementor-element-4622fb7 elementor-widget elementor-widget-heading\" data-id=\"4622fb7\" data-element_type=\"widget\" data-widget_type=\"heading.default\">\n\t\t\t\t<div class=\"elementor-widget-container\">\n\t\t\t\t\t<h2 class=\"elementor-heading-title elementor-size-default\">3. Tratamiento y Privacidad de la Informaci\u00f3n<\/h2>\t\t\t\t<\/div>\n\t\t\t\t<\/div>\n\t\t\t\t<div class=\"elementor-element elementor-element-3374a80 elementor-widget elementor-widget-text-editor\" data-id=\"3374a80\" data-element_type=\"widget\" data-widget_type=\"text-editor.default\">\n\t\t\t\t<div class=\"elementor-widget-container\">\n\t\t\t\t\t\t\t\t\t<p style=\"padding-left: 40px;\">En la siguiente p\u00e1gina puedes ver la Pol\u00edtica de Privacidad y de Protecci\u00f3n de Datos Personales de LAKSHMI, que se acepta previa y expresamente por usted para los fines que all\u00ed se informan de manera previa, expresa e informada, al momento de contactarnos o usar el chat<\/p>\t\t\t\t\t\t\t\t<\/div>\n\t\t\t\t<\/div>\n\t\t\t\t<\/div>\n\t\t<div class=\"elementor-element elementor-element-59f53ed e-con-full e-flex e-con e-child\" data-id=\"59f53ed\" data-element_type=\"container\">\n\t\t\t\t<div class=\"elementor-element elementor-element-d7a2d0d elementor-widget elementor-widget-heading\" data-id=\"d7a2d0d\" data-element_type=\"widget\" data-widget_type=\"heading.default\">\n\t\t\t\t<div class=\"elementor-widget-container\">\n\t\t\t\t\t<h2 class=\"elementor-heading-title elementor-size-default\">4. Alcance de los Contenidos y Servicios<\/h2>\t\t\t\t<\/div>\n\t\t\t\t<\/div>\n\t\t\t\t<div class=\"elementor-element elementor-element-eacfda8 elementor-widget elementor-widget-text-editor\" data-id=\"eacfda8\" data-element_type=\"widget\" data-widget_type=\"text-editor.default\">\n\t\t\t\t<div class=\"elementor-widget-container\">\n\t\t\t\t\t\t\t\t\t<p style=\"padding-left: 40px;\">El usuario debe ser consciente que los contenidos de la p\u00e1gina Web tienen un fin<br \/>publicitario de la marca y los productos de LAKSHMI. El usuario debe tener en cuenta que la visualizaci\u00f3n de los productos puede ser inexacta, los colores diferentes. Los productos que aparecen publicados en la p\u00e1gina Web pueden no estar disponibles en los puntos de venta.<\/p>\t\t\t\t\t\t\t\t<\/div>\n\t\t\t\t<\/div>\n\t\t\t\t<\/div>\n\t\t<div class=\"elementor-element elementor-element-c9786bf e-con-full e-flex e-con e-child\" data-id=\"c9786bf\" data-element_type=\"container\">\n\t\t\t\t<div class=\"elementor-element elementor-element-d6b5a6f elementor-widget elementor-widget-heading\" data-id=\"d6b5a6f\" data-element_type=\"widget\" data-widget_type=\"heading.default\">\n\t\t\t\t<div class=\"elementor-widget-container\">\n\t\t\t\t\t<h2 class=\"elementor-heading-title elementor-size-default\">5. Compromisos del usuario al entrar al sitio Web<\/h2>\t\t\t\t<\/div>\n\t\t\t\t<\/div>\n\t\t\t\t<div class=\"elementor-element elementor-element-07f1f79 elementor-widget elementor-widget-text-editor\" data-id=\"07f1f79\" data-element_type=\"widget\" data-widget_type=\"text-editor.default\">\n\t\t\t\t<div class=\"elementor-widget-container\">\n\t\t\t\t\t\t\t\t\t<p style=\"padding-left: 40px;\">El usuario se compromete a no reproducir, copiar, distribuir, permitir el acceso del<br \/>p\u00fablico a trav\u00e9s de cualquier modalidad de comunicaci\u00f3n p\u00fablica, transformar o<br \/>modificar el contenido, sin contar con la autorizaci\u00f3n previa del titular de los derechos de LAKSHMI.<\/p><p style=\"padding-left: 40px;\">El usuario se compromete a no interferir ni interrumpir el acceso y utilizaci\u00f3n del sitio Web, servidores o redes conectados al mismo, o incumplir los requisitos, procedimientos y regulaciones de la pol\u00edtica de conexi\u00f3n de redes. Utilizar el Contenido de forma, con fines o efectos contrarios a las leyes aplicables de la<br \/>Rep\u00fablica de Colombia, el lugar de residencia del Usuario, o el lugar desde donde se acceda a los Servicios o contrarios a la moral a la ley y las buenas costumbres. El usuario se compromete a absolutamente no introducir, publicar, enviar correos electr\u00f3nicos o de alguna otra manera transmitir cualquier material que contenga virus de programas de c\u00f3mputo o cualquier otro c\u00f3digo de computadoras, archivos o programas dise\u00f1ados para interrumpir, destruir o limitar la funcionalidad de cualquier programa de c\u00f3mputo para computadora o hardware o equipos de telecomunicaciones.<\/p>\t\t\t\t\t\t\t\t<\/div>\n\t\t\t\t<\/div>\n\t\t\t\t<\/div>\n\t\t<div class=\"elementor-element elementor-element-2132bcf e-con-full e-flex e-con e-child\" data-id=\"2132bcf\" data-element_type=\"container\">\n\t\t\t\t<div class=\"elementor-element elementor-element-c6f49b1 elementor-widget elementor-widget-heading\" data-id=\"c6f49b1\" data-element_type=\"widget\" data-widget_type=\"heading.default\">\n\t\t\t\t<div class=\"elementor-widget-container\">\n\t\t\t\t\t<h2 class=\"elementor-heading-title elementor-size-default\">6. Pol\u00edticas de Entrega<\/h2>\t\t\t\t<\/div>\n\t\t\t\t<\/div>\n\t\t\t\t<div class=\"elementor-element elementor-element-1eb0430 elementor-widget elementor-widget-text-editor\" data-id=\"1eb0430\" data-element_type=\"widget\" data-widget_type=\"text-editor.default\">\n\t\t\t\t<div class=\"elementor-widget-container\">\n\t\t\t\t\t\t\t\t\t<p style=\"padding-left: 40px;\">El valor del env\u00edo correr\u00e1 por cuenta del comprador.<\/p><p style=\"padding-left: 40px;\"><br \/>Los env\u00edos en Colombia se realizan por medio de transportadoras que para tal fin LAKSHMI contrate.<\/p><p style=\"padding-left: 40px;\"><br \/>Los env\u00edos internacionales se realizan a trav\u00e9s de DHL o FEDEX Y el costo de env\u00edo y los impuestos de nacionalizaci\u00f3n se calculan de manera autom\u00e1tica de acuerdo al destino, durante el proceso de verificaci\u00f3n del pago.<\/p>\t\t\t\t\t\t\t\t<\/div>\n\t\t\t\t<\/div>\n\t\t\t\t<\/div>\n\t\t<div class=\"elementor-element elementor-element-1bf720d e-con-full e-flex e-con e-child\" data-id=\"1bf720d\" data-element_type=\"container\">\n\t\t\t\t<div class=\"elementor-element elementor-element-f89d43f elementor-widget elementor-widget-heading\" data-id=\"f89d43f\" data-element_type=\"widget\" data-widget_type=\"heading.default\">\n\t\t\t\t<div class=\"elementor-widget-container\">\n\t\t\t\t\t<h2 class=\"elementor-heading-title elementor-size-default\">7. Tiempos de Entrega<\/h2>\t\t\t\t<\/div>\n\t\t\t\t<\/div>\n\t\t\t\t<div class=\"elementor-element elementor-element-430a4de elementor-widget elementor-widget-text-editor\" data-id=\"430a4de\" data-element_type=\"widget\" data-widget_type=\"text-editor.default\">\n\t\t\t\t<div class=\"elementor-widget-container\">\n\t\t\t\t\t\t\t\t\t<p style=\"padding-left: 40px;\">Los pedidos en Colombia se entregan en 2 a 8 d\u00edas h\u00e1biles depende de la zona del pa\u00eds. Los pedidos internacionales se entregan entre 5 y 10 d\u00edas h\u00e1biles. Para ordenes especiales, productos que no est\u00e9n en stock, o sean \u00abPRE-ORDER\u00bb el tiempo de despacho ser\u00e1 de 10 d\u00edas h\u00e1biles.<\/p>\t\t\t\t\t\t\t\t<\/div>\n\t\t\t\t<\/div>\n\t\t\t\t<\/div>\n\t\t\t\t\t<\/div>\n\t\t\t\t<\/div>\n\t\t\t\t<\/div>\n\t\t","protected":false},"excerpt":{"rendered":"<p>T\u00c9RMINOS Y CONDICIONES 1. Avisos Legales Bienvenido a nuestro sitio Web. Esta p\u00e1gina establece los \u2018T\u00e9rminos y Condiciones\u2019 bajo los [&hellip;]<\/p>\n","protected":false},"author":1,"featured_media":0,"parent":0,"menu_order":0,"comment_status":"closed","ping_status":"closed","template":"","meta":{"site-sidebar-layout":"no-sidebar","site-content-layout":"","ast-site-content-layout":"full-width-container","site-content-style":"default","site-sidebar-style":"default","ast-global-header-display":"","ast-banner-title-visibility":"","ast-main-header-display":"","ast-hfb-above-header-display":"","ast-hfb-below-header-display":"","ast-hfb-mobile-header-display":"","site-post-title":"disabled","ast-breadcrumbs-content":"","ast-featured-img":"disabled","footer-sml-layout":"","theme-transparent-header-meta":"","adv-header-id-meta":"","stick-header-meta":"","header-above-stick-meta":"","header-main-stick-meta":"","header-below-stick-meta":"","astra-migrate-meta-layouts":"default","ast-page-background-enabled":"default","ast-page-background-meta":{"desktop":{"background-color":"var(--ast-global-color-5)","background-image":"","background-repeat":"repeat","background-position":"center center","background-size":"auto","background-attachment":"scroll","background-type":"","background-media":"","overlay-type":"","overlay-color":"","overlay-opacity":"","overlay-gradient":""},"tablet":{"background-color":"","background-image":"","background-repeat":"repeat","background-position":"center center","background-size":"auto","background-attachment":"scroll","background-type":"","background-media":"","overlay-type":"","overlay-color":"","overlay-opacity":"","overlay-gradient":""},"mobile":{"background-color":"","background-image":"","background-repeat":"repeat","background-position":"center center","background-size":"auto","background-attachment":"scroll","background-type":"","background-media":"","overlay-type":"","overlay-color":"","overlay-opacity":"","overlay-gradient":""}},"ast-content-background-meta":{"desktop":{"background-color":"var(--ast-global-color-4)","background-image":"","background-repeat":"repeat","background-position":"center center","background-size":"auto","background-attachment":"scroll","background-type":"","background-media":"","overlay-type":"","overlay-color":"","overlay-opacity":"","overlay-gradient":""},"tablet":{"background-color":"var(--ast-global-color-4)","background-image":"","background-repeat":"repeat","background-position":"center center","background-size":"auto","background-attachment":"scroll","background-type":"","background-media":"","overlay-type":"","overlay-color":"","overlay-opacity":"","overlay-gradient":""},"mobile":{"background-color":"var(--ast-global-color-4)","background-image":"","background-repeat":"repeat","background-position":"center center","background-size":"auto","background-attachment":"scroll","background-type":"","background-media":"","overlay-type":"","overlay-color":"","overlay-opacity":"","overlay-gradient":""}},"_joinchat":[],"footnotes":""},"class_list":["post-10","page","type-page","status-publish","hentry"],"_links":{"self":[{"href":"https:\/\/lakshmi-bijoux.com\/index.php\/wp-json\/wp\/v2\/pages\/10","targetHints":{"allow":["GET"]}}],"collection":[{"href":"https:\/\/lakshmi-bijoux.com\/index.php\/wp-json\/wp\/v2\/pages"}],"about":[{"href":"https:\/\/lakshmi-bijoux.com\/index.php\/wp-json\/wp\/v2\/types\/page"}],"author":[{"embeddable":true,"href":"https:\/\/lakshmi-bijoux.com\/index.php\/wp-json\/wp\/v2\/users\/1"}],"replies":[{"embeddable":true,"href":"https:\/\/lakshmi-bijoux.com\/index.php\/wp-json\/wp\/v2\/comments?post=10"}],"version-history":[{"count":30,"href":"https:\/\/lakshmi-bijoux.com\/index.php\/wp-json\/wp\/v2\/pages\/10\/revisions"}],"predecessor-version":[{"id":812,"href":"https:\/\/lakshmi-bijoux.com\/index.php\/wp-json\/wp\/v2\/pages\/10\/revisions\/812"}],"wp:attachment":[{"href":"https:\/\/lakshmi-bijoux.com\/index.php\/wp-json\/wp\/v2\/media?parent=10"}],"curies":[{"name":"wp","href":"https:\/\/api.w.org\/{rel}","templated":true}]}}